{"id":17370,"date":"2025-10-02T09:42:21","date_gmt":"2025-10-02T09:42:21","guid":{"rendered":"https:\/\/gegroup.com.tr\/hmh-bara-kuplaj-hucresi\/"},"modified":"2025-10-06T13:48:36","modified_gmt":"2025-10-06T13:48:36","slug":"hmh-bara-kuplaj-hucresi","status":"publish","type":"page","link":"https:\/\/gegroup.com.tr\/en\/hmh-bara-kuplaj-hucresi\/","title":{"rendered":"Bara Kuplaj H\u00fccresi"},"content":{"rendered":"\t\t<div data-elementor-type=\"wp-page\" data-elementor-id=\"17370\" class=\"elementor elementor-17370 elementor-17153\">\n\t\t\t\t        <section class=\"elementor-section elementor-top-section elementor-element elementor-element-0e9979c elementor-section-full_width elementor-section-stretched pxl-full-content-with-space-start elementor-section-height-default elementor-section-height-default pxl-row-scroll-none pxl-zoom-point-false pxl-section-overflow-visible pxl-section-fix-none pxl-bg-color-none pxl-section-overlay-none\" data-id=\"0e9979c\" data-element_type=\"section\" data-settings=\"{&quot;stretch_section&quot;:&quot;section-stretched&quot;,&quot;background_background&quot;:&quot;classic&quot;}\" style=\"padding-left: calc( (100% - 1650px)\/2);\">\n\n                \n                <div class=\"elementor-container elementor-column-gap-extended \">\n                <div class=\"elementor-column elementor-col-50 elementor-top-column elementor-element elementor-element-ee39224 pxl-column-none pxl-column-overflow-hidden-no\" data-id=\"ee39224\" data-element_type=\"column\" data-settings=\"{&quot;background_background&quot;:&quot;classic&quot;}\">\r\n        <div class=\"elementor-widget-wrap elementor-element-populated\">\r\n                     \r\n        \t\t<div class=\"elementor-element elementor-element-be6e3eb elementor-widget elementor-widget-pxl_heading\" data-id=\"be6e3eb\" data-element_type=\"widget\" data-widget_type=\"pxl_heading.default\">\n\t\t\t\t<div class=\"elementor-widget-container\">\n\t\t\t\t\t\n<div id=\"pxl-pxl_heading-be6e3eb-8880\" class=\"pxl-heading px-sub-title-default-style \">\n\t<div class=\"pxl-heading--inner\">\n\t\t\n\t\t\t<h3 class=\"pxl-item--title style-default highlight-default \" data-wow-delay=\"ms\">\n\t\t\t\t\t\t\tBara Kuplaj H\u00fccresi\t\n\t\t\t\t\n\t\t<\/h3>\n\t<\/div>\n<\/div> \t\t\t\t<\/div>\n\t\t\t\t<\/div>\n\t\t            <\/div>\r\n        <\/div>\r\n                <div class=\"elementor-column elementor-col-50 elementor-top-column elementor-element elementor-element-c5fda42 pxl-column-none pxl-column-overflow-hidden-no\" data-id=\"c5fda42\" data-element_type=\"column\" data-settings=\"{&quot;background_background&quot;:&quot;classic&quot;}\">\r\n        <div class=\"elementor-widget-wrap elementor-element-populated\">\r\n                     \r\n        \t\t<div class=\"elementor-element elementor-element-47184d0 elementor-widget elementor-widget-spacer\" data-id=\"47184d0\" data-element_type=\"widget\" data-widget_type=\"spacer.default\">\n\t\t\t\t\t\t\t<div class=\"elementor-spacer\">\n\t\t\t<div class=\"elementor-spacer-inner\"><\/div>\n\t\t<\/div>\n\t\t\t\t\t\t<\/div>\n\t\t            <\/div>\r\n        <\/div>\r\n        \t\t\t<\/div>\n\t\t<\/section>\n\t\t<div class=\"elementor-element elementor-element-8151974 e-flex e-con-boxed e-con e-parent \" data-id=\"8151974\" data-element_type=\"container\">\t\t\t<div class=\"e-con-inner\">\r\n\t\t<div class=\"elementor-element elementor-element-b4745d4 e-con-full e-flex e-con e-child \" data-id=\"b4745d4\" data-element_type=\"container\">\t\t<div class=\"elementor-element elementor-element-c559ceb elementor-widget elementor-widget-image\" data-id=\"c559ceb\" data-element_type=\"widget\" data-widget_type=\"image.default\">\n\t\t\t\t\t\t\t\t\t\t\t\t\t\t\t\t<a href=\"\/hmh-bara-kuplaj-hucresi\">\n\t\t\t\t\t\t\t<img fetchpriority=\"high\" decoding=\"async\" width=\"450\" height=\"295\" src=\"https:\/\/gegroup.com.tr\/wp-content\/uploads\/2025\/10\/image-2025-10-02T113116.975-1.webp\" class=\"attachment-full size-full wp-image-18134\" alt=\"\" srcset=\"https:\/\/gegroup.com.tr\/wp-content\/uploads\/2025\/10\/image-2025-10-02T113116.975-1.webp 450w, https:\/\/gegroup.com.tr\/wp-content\/uploads\/2025\/10\/image-2025-10-02T113116.975-1-300x197.webp 300w\" sizes=\"(max-width: 450px) 100vw, 450px\" \/>\t\t\t\t\t\t\t\t<\/a>\n\t\t\t\t\t\t\t\t\t\t\t\t\t\t\t<\/div>\n\t\t\t\t<\/div>\r\n\t\t<div class=\"elementor-element elementor-element-50b3ccc e-con-full e-flex e-con e-child \" data-id=\"50b3ccc\" data-element_type=\"container\">\t\t<div class=\"elementor-element elementor-element-758774b elementor-widget elementor-widget-heading\" data-id=\"758774b\" data-element_type=\"widget\" data-widget_type=\"heading.default\">\n\t\t\t\t\t<h2 class=\"elementor-heading-title elementor-size-default\">TEKN\u0130K B\u0130LG\u0130LER<\/h2>\t\t\t\t<\/div>\n\t\t\t\t<div class=\"elementor-element elementor-element-0396404 elementor-widget elementor-widget-pxl_text_editor\" data-id=\"0396404\" data-element_type=\"widget\" data-widget_type=\"pxl_text_editor.default\">\n\t\t\t\t<div class=\"elementor-widget-container\">\n\t\t\t\t\t<div class=\"pxl-text-editor\">\n\t<div class=\"pxl-item--inner \" data-wow-delay=\"ms\">\n\t\t<p>Anma ak\u0131m\u0131 1250 A\u2019e ve k\u0131sa devre dayan\u0131m\u0131 25kA\u2019e kadar olan, ayn\u0131 veya iki kaynaktan beslenen baralar\u0131 birbirlerine irtibatlayan h\u00fccreler olup, bara b\u00f6lme ve bara y\u00fckseltme h\u00fccrelerinin bir arada kullan\u0131lmas\u0131yla elde edilir.<\/p><p>Bu h\u00fccrelerde standart olarak 3 kutuplu 2 adet B\u0131\u00e7akl\u0131 Ay\u0131r\u0131c\u0131l\u0131 ve 3 konumlu SF6 gaz izoleli Kesici kullan\u0131lmaktad\u0131r.<\/p><p><strong>Bara kuplaj h\u00fccreleri;<\/strong><\/p><div class=\"icerik-list\"><ul><li>\u0130ki farkl\u0131 baran\u0131n birle\u015ftirilmesinde,<\/li><li>Enerji santrallerinin \u015febekeye paralellenmesinde kullan\u0131l\u0131r.<\/li><\/ul><\/div>\t\t\n\t<\/div>\n<\/div>\t\t\t\t<\/div>\n\t\t\t\t<\/div>\n\t\t\t\t<\/div>\r\n\t\t\t\t\t<\/div>\r\n\t\t\t\t<\/div>\r\n\t\t<div class=\"elementor-element elementor-element-b0ce8cd e-flex e-con-boxed e-con e-parent \" data-id=\"b0ce8cd\" data-element_type=\"container\">\t\t\t<div class=\"e-con-inner\">\r\n\t\t\t\t<div class=\"elementor-element elementor-element-4d9b58f elementor-widget elementor-widget-heading\" data-id=\"4d9b58f\" data-element_type=\"widget\" data-widget_type=\"heading.default\">\n\t\t\t\t\t<h2 class=\"elementor-heading-title elementor-size-default\">Teknik Detaylar<\/h2>\t\t\t\t<\/div>\n\t\t\t\t<div class=\"elementor-element elementor-element-24b7243 elementor-widget elementor-widget-image\" data-id=\"24b7243\" data-element_type=\"widget\" data-widget_type=\"image.default\">\n\t\t\t\t\t\t\t\t\t\t\t\t\t\t\t\t<a href=\"https:\/\/gegroup.com.tr\/wp-content\/uploads\/2025\/10\/bara-kuplaj-hucresi-donanim-gpp-bkh-02.jpg\" data-elementor-open-lightbox=\"yes\" data-elementor-lightbox-title=\"bara-kuplaj-hucresi-donanim-gpp-bkh-02\" data-e-action-hash=\"#elementor-action%3Aaction%3Dlightbox%26settings%3DeyJpZCI6MTczNzEsInVybCI6Imh0dHBzOlwvXC9nZWdyb3VwLmNvbS50clwvd3AtY29udGVudFwvdXBsb2Fkc1wvMjAyNVwvMTBcL2JhcmEta3VwbGFqLWh1Y3Jlc2ktZG9uYW5pbS1ncHAtYmtoLTAyLmpwZyJ9\">\n\t\t\t\t\t\t\t<img decoding=\"async\" width=\"600\" height=\"880\" src=\"https:\/\/gegroup.com.tr\/wp-content\/uploads\/2025\/10\/bara-kuplaj-hucresi-donanim-gpp-bkh-02.jpg\" class=\"attachment-full size-full wp-image-17371\" alt=\"\" srcset=\"https:\/\/gegroup.com.tr\/wp-content\/uploads\/2025\/10\/bara-kuplaj-hucresi-donanim-gpp-bkh-02.jpg 600w, https:\/\/gegroup.com.tr\/wp-content\/uploads\/2025\/10\/bara-kuplaj-hucresi-donanim-gpp-bkh-02-205x300.jpg 205w, https:\/\/gegroup.com.tr\/wp-content\/uploads\/2025\/10\/bara-kuplaj-hucresi-donanim-gpp-bkh-02-484x710.jpg 484w\" sizes=\"(max-width: 600px) 100vw, 600px\" \/>\t\t\t\t\t\t\t\t<\/a>\n\t\t\t\t\t\t\t\t\t\t\t\t\t\t\t<\/div>\n\t\t\t\t\t<\/div>\r\n\t\t\t\t<\/div>\r\n\t\t\t\t<\/div>\n\t\t","protected":false},"excerpt":{"rendered":"<p>Bara Kuplaj H\u00fccresi TEKN\u0130K B\u0130LG\u0130LER Anma ak\u0131m\u0131 1250 A\u2019e ve k\u0131sa devre dayan\u0131m\u0131 25kA\u2019e kadar olan, ayn\u0131 veya iki kaynaktan beslenen baralar\u0131 birbirlerine irtibatlayan h\u00fccreler olup, bara b\u00f6lme ve bara y\u00fckseltme h\u00fccrelerinin bir arada kullan\u0131lmas\u0131yla elde edilir. Bu h\u00fccrelerde standart olarak 3 kutuplu 2 adet B\u0131\u00e7akl\u0131 Ay\u0131r\u0131c\u0131l\u0131 ve 3 konumlu SF6 gaz izoleli Kesici kullan\u0131lmaktad\u0131r. [&hellip;]<\/p>\n","protected":false},"author":1,"featured_media":0,"parent":0,"menu_order":0,"comment_status":"closed","ping_status":"closed","template":"","meta":{"footnotes":""},"class_list":["post-17370","page","type-page","status-publish","hentry"],"_links":{"self":[{"href":"https:\/\/gegroup.com.tr\/en\/wp-json\/wp\/v2\/pages\/17370","targetHints":{"allow":["GET"]}}],"collection":[{"href":"https:\/\/gegroup.com.tr\/en\/wp-json\/wp\/v2\/pages"}],"about":[{"href":"https:\/\/gegroup.com.tr\/en\/wp-json\/wp\/v2\/types\/page"}],"author":[{"embeddable":true,"href":"https:\/\/gegroup.com.tr\/en\/wp-json\/wp\/v2\/users\/1"}],"replies":[{"embeddable":true,"href":"https:\/\/gegroup.com.tr\/en\/wp-json\/wp\/v2\/comments?post=17370"}],"version-history":[{"count":9,"href":"https:\/\/gegroup.com.tr\/en\/wp-json\/wp\/v2\/pages\/17370\/revisions"}],"predecessor-version":[{"id":18639,"href":"https:\/\/gegroup.com.tr\/en\/wp-json\/wp\/v2\/pages\/17370\/revisions\/18639"}],"wp:attachment":[{"href":"https:\/\/gegroup.com.tr\/en\/wp-json\/wp\/v2\/media?parent=17370"}],"curies":[{"name":"wp","href":"https:\/\/api.w.org\/{rel}","templated":true}]}}