{"id":17385,"date":"2025-10-02T13:34:49","date_gmt":"2025-10-02T13:34:49","guid":{"rendered":"https:\/\/gegroup.com.tr\/evolis-schneider-vakum-devre-kesiciler\/"},"modified":"2025-10-06T11:39:10","modified_gmt":"2025-10-06T11:39:10","slug":"evolis-schneider-vacuum-power-switch","status":"publish","type":"page","link":"https:\/\/gegroup.com.tr\/en\/evolis-schneider-vacuum-power-switch\/","title":{"rendered":"EVOLIS (Schneider) Vacuum Power Switch"},"content":{"rendered":"\t\t<div data-elementor-type=\"wp-page\" data-elementor-id=\"17385\" class=\"elementor elementor-17385 elementor-17222\">\n\t\t\t\t        <section class=\"elementor-section elementor-top-section elementor-element elementor-element-0e9979c elementor-section-full_width elementor-section-stretched pxl-full-content-with-space-start elementor-section-height-default elementor-section-height-default pxl-row-scroll-none pxl-zoom-point-false pxl-section-overflow-visible pxl-section-fix-none pxl-bg-color-none pxl-section-overlay-none\" data-id=\"0e9979c\" data-element_type=\"section\" data-settings=\"{&quot;stretch_section&quot;:&quot;section-stretched&quot;,&quot;background_background&quot;:&quot;classic&quot;}\" style=\"padding-left: calc( (100% - 1650px)\/2);\">\n\n                \n                <div class=\"elementor-container elementor-column-gap-extended \">\n                <div class=\"elementor-column elementor-col-50 elementor-top-column elementor-element elementor-element-ee39224 pxl-column-none pxl-column-overflow-hidden-no\" data-id=\"ee39224\" data-element_type=\"column\" data-settings=\"{&quot;background_background&quot;:&quot;classic&quot;}\">\r\n        <div class=\"elementor-widget-wrap elementor-element-populated\">\r\n                     \r\n        \t\t<div class=\"elementor-element elementor-element-be6e3eb elementor-widget elementor-widget-pxl_heading\" data-id=\"be6e3eb\" data-element_type=\"widget\" data-widget_type=\"pxl_heading.default\">\n\t\t\t\t<div class=\"elementor-widget-container\">\n\t\t\t\t\t\n<div id=\"pxl-pxl_heading-be6e3eb-2241\" class=\"pxl-heading px-sub-title-default-style \">\n\t<div class=\"pxl-heading--inner\">\n\t\t\n\t\t\t<h3 class=\"pxl-item--title style-default highlight-default \" data-wow-delay=\"ms\">\n\t\t\t\t\t\t\tEVOLIS (Schneider) Vacuum Power Switch\n\t\n\t\t\t\t\n\t\t<\/h3>\n\t<\/div>\n<\/div> \t\t\t\t<\/div>\n\t\t\t\t<\/div>\n\t\t            <\/div>\r\n        <\/div>\r\n                <div class=\"elementor-column elementor-col-50 elementor-top-column elementor-element elementor-element-c5fda42 pxl-column-none pxl-column-overflow-hidden-no\" data-id=\"c5fda42\" data-element_type=\"column\" data-settings=\"{&quot;background_background&quot;:&quot;classic&quot;}\">\r\n        <div class=\"elementor-widget-wrap elementor-element-populated\">\r\n                     \r\n        \t\t<div class=\"elementor-element elementor-element-47184d0 elementor-widget elementor-widget-spacer\" data-id=\"47184d0\" data-element_type=\"widget\" data-widget_type=\"spacer.default\">\n\t\t\t\t\t\t\t<div class=\"elementor-spacer\">\n\t\t\t<div class=\"elementor-spacer-inner\"><\/div>\n\t\t<\/div>\n\t\t\t\t\t\t<\/div>\n\t\t            <\/div>\r\n        <\/div>\r\n        \t\t\t<\/div>\n\t\t<\/section>\n\t\t<div class=\"elementor-element elementor-element-8151974 e-flex e-con-boxed e-con e-parent \" data-id=\"8151974\" data-element_type=\"container\">\t\t\t<div class=\"e-con-inner\">\r\n\t\t<div class=\"elementor-element elementor-element-b4745d4 e-con-full e-flex e-con e-child \" data-id=\"b4745d4\" data-element_type=\"container\">\t\t<div class=\"elementor-element elementor-element-609e3ae elementor-widget elementor-widget-image\" data-id=\"609e3ae\" data-element_type=\"widget\" data-widget_type=\"image.default\">\n\t\t\t\t\t\t\t\t\t\t\t\t\t\t\t\t<a href=\"https:\/\/gegroup.com.tr\/evolis-schneider-vakum-devre-kesiciler\/\">\n\t\t\t\t\t\t\t<img fetchpriority=\"high\" decoding=\"async\" width=\"450\" height=\"295\" src=\"https:\/\/gegroup.com.tr\/wp-content\/uploads\/2025\/10\/image-2025-10-02T125403.104-1.webp\" class=\"attachment-full size-full wp-image-18158\" alt=\"\" srcset=\"https:\/\/gegroup.com.tr\/wp-content\/uploads\/2025\/10\/image-2025-10-02T125403.104-1.webp 450w, https:\/\/gegroup.com.tr\/wp-content\/uploads\/2025\/10\/image-2025-10-02T125403.104-1-300x197.webp 300w\" sizes=\"(max-width: 450px) 100vw, 450px\" \/>\t\t\t\t\t\t\t\t<\/a>\n\t\t\t\t\t\t\t\t\t\t\t\t\t\t\t<\/div>\n\t\t\t\t<\/div>\r\n\t\t<div class=\"elementor-element elementor-element-50b3ccc e-con-full e-flex e-con e-child \" data-id=\"50b3ccc\" data-element_type=\"container\">\t\t<div class=\"elementor-element elementor-element-758774b elementor-widget elementor-widget-heading\" data-id=\"758774b\" data-element_type=\"widget\" data-widget_type=\"heading.default\">\n\t\t\t\t\t<h2 class=\"elementor-heading-title elementor-size-default\">TEKN\u0130K B\u0130LG\u0130LER<\/h2>\t\t\t\t<\/div>\n\t\t\t\t<div class=\"elementor-element elementor-element-0396404 elementor-widget elementor-widget-pxl_text_editor\" data-id=\"0396404\" data-element_type=\"widget\" data-widget_type=\"pxl_text_editor.default\">\n\t\t\t\t<div class=\"elementor-widget-container\">\n\t\t\t\t\t<div class=\"pxl-text-editor\">\n\t<div class=\"pxl-item--inner \" data-wow-delay=\"ms\">\n\t\t<p>Schneider power switches are 3 polar and are for internal use. These are used for protection and switching in industry, public and commercial energy distribution up to 24 kV.<\/p><p>This type of switches are suitable for LSC2B metal section metal covered cells.<\/p><p><strong>Nominal Voltage :<\/strong>\u00a0Up to 24 kV<br \/><strong>Nominal Current :<\/strong>\u00a0Up to 2500 A<br \/><strong>Short Circuit Switching Current :<\/strong>\u00a0Up to 40 kA<\/p>\t\t\n\t<\/div>\n<\/div>\t\t\t\t<\/div>\n\t\t\t\t<\/div>\n\t\t\t\t<\/div>\r\n\t\t\t\t\t<\/div>\r\n\t\t\t\t<\/div>\r\n\t\t<div class=\"elementor-element elementor-element-c91f953 e-flex e-con-boxed e-con e-parent \" data-id=\"c91f953\" data-element_type=\"container\">\t\t\t<div class=\"e-con-inner\">\r\n\t\t\t\t<div class=\"elementor-element elementor-element-20338c8 elementor-widget elementor-widget-spacer\" data-id=\"20338c8\" data-element_type=\"widget\" data-widget_type=\"spacer.default\">\n\t\t\t\t\t\t\t<div class=\"elementor-spacer\">\n\t\t\t<div class=\"elementor-spacer-inner\"><\/div>\n\t\t<\/div>\n\t\t\t\t\t\t<\/div>\n\t\t\t\t\t<\/div>\r\n\t\t\t\t<\/div>\r\n\t\t\t\t<\/div>\n\t\t","protected":false},"excerpt":{"rendered":"<p>EVOLIS (Schneider) Vacuum Power Switch TEKN\u0130K B\u0130LG\u0130LER Schneider power switches are 3 polar and are for internal use. These are used for protection and switching in industry, public and commercial energy distribution up to 24 kV. This type of switches are suitable for LSC2B metal section metal covered cells. Nominal Voltage :\u00a0Up to 24 kVNominal [&hellip;]<\/p>\n","protected":false},"author":1,"featured_media":0,"parent":0,"menu_order":0,"comment_status":"closed","ping_status":"closed","template":"","meta":{"footnotes":""},"class_list":["post-17385","page","type-page","status-publish","hentry"],"_links":{"self":[{"href":"https:\/\/gegroup.com.tr\/en\/wp-json\/wp\/v2\/pages\/17385","targetHints":{"allow":["GET"]}}],"collection":[{"href":"https:\/\/gegroup.com.tr\/en\/wp-json\/wp\/v2\/pages"}],"about":[{"href":"https:\/\/gegroup.com.tr\/en\/wp-json\/wp\/v2\/types\/page"}],"author":[{"embeddable":true,"href":"https:\/\/gegroup.com.tr\/en\/wp-json\/wp\/v2\/users\/1"}],"replies":[{"embeddable":true,"href":"https:\/\/gegroup.com.tr\/en\/wp-json\/wp\/v2\/comments?post=17385"}],"version-history":[{"count":7,"href":"https:\/\/gegroup.com.tr\/en\/wp-json\/wp\/v2\/pages\/17385\/revisions"}],"predecessor-version":[{"id":18432,"href":"https:\/\/gegroup.com.tr\/en\/wp-json\/wp\/v2\/pages\/17385\/revisions\/18432"}],"wp:attachment":[{"href":"https:\/\/gegroup.com.tr\/en\/wp-json\/wp\/v2\/media?parent=17385"}],"curies":[{"name":"wp","href":"https:\/\/api.w.org\/{rel}","templated":true}]}}