{"id":17397,"date":"2023-11-27T09:10:32","date_gmt":"2023-11-27T09:10:32","guid":{"rendered":"https:\/\/gegroup.com.tr\/hakkimizda\/"},"modified":"2025-10-06T14:24:38","modified_gmt":"2025-10-06T14:24:38","slug":"about-us","status":"publish","type":"page","link":"https:\/\/gegroup.com.tr\/en\/about-us\/","title":{"rendered":"About Us"},"content":{"rendered":"\t\t<div data-elementor-type=\"wp-page\" data-elementor-id=\"17397\" class=\"elementor elementor-17397 elementor-28\">\n\t\t\t\t        <section class=\"elementor-section elementor-top-section elementor-element elementor-element-0e9979c elementor-section-full_width elementor-section-stretched pxl-full-content-with-space-start elementor-section-height-default elementor-section-height-default pxl-row-scroll-none pxl-zoom-point-false pxl-section-overflow-visible pxl-section-fix-none pxl-bg-color-none pxl-section-overlay-none\" data-id=\"0e9979c\" data-element_type=\"section\" data-settings=\"{&quot;stretch_section&quot;:&quot;section-stretched&quot;,&quot;background_background&quot;:&quot;classic&quot;}\" style=\"padding-left: calc( (100% - 1650px)\/2);\">\n\n                \n                <div class=\"elementor-container elementor-column-gap-extended \">\n                <div class=\"elementor-column elementor-col-50 elementor-top-column elementor-element elementor-element-ee39224 pxl-column-none pxl-column-overflow-hidden-no\" data-id=\"ee39224\" data-element_type=\"column\" data-settings=\"{&quot;background_background&quot;:&quot;classic&quot;}\">\r\n        <div class=\"elementor-widget-wrap elementor-element-populated\">\r\n                     \r\n        \t\t<div class=\"elementor-element elementor-element-be6e3eb elementor-widget elementor-widget-pxl_heading\" data-id=\"be6e3eb\" data-element_type=\"widget\" data-widget_type=\"pxl_heading.default\">\n\t\t\t\t<div class=\"elementor-widget-container\">\n\t\t\t\t\t\n<div id=\"pxl-pxl_heading-be6e3eb-5144\" class=\"pxl-heading px-sub-title-default-style \">\n\t<div class=\"pxl-heading--inner\">\n\t\t\n\t\t\t<h3 class=\"pxl-item--title style-default highlight-default \" data-wow-delay=\"ms\">\n\t\t\t\t\t\t\tAbout Us\t\n\t\t\t\t\n\t\t<\/h3>\n\t<\/div>\n<\/div> \t\t\t\t<\/div>\n\t\t\t\t<\/div>\n\t\t            <\/div>\r\n        <\/div>\r\n                <div class=\"elementor-column elementor-col-50 elementor-top-column elementor-element elementor-element-c5fda42 pxl-column-none pxl-column-overflow-hidden-no\" data-id=\"c5fda42\" data-element_type=\"column\" data-settings=\"{&quot;background_background&quot;:&quot;classic&quot;}\">\r\n        <div class=\"elementor-widget-wrap elementor-element-populated\">\r\n                     \r\n        \t\t<div class=\"elementor-element elementor-element-47184d0 elementor-widget elementor-widget-spacer\" data-id=\"47184d0\" data-element_type=\"widget\" data-widget_type=\"spacer.default\">\n\t\t\t\t\t\t\t<div class=\"elementor-spacer\">\n\t\t\t<div class=\"elementor-spacer-inner\"><\/div>\n\t\t<\/div>\n\t\t\t\t\t\t<\/div>\n\t\t            <\/div>\r\n        <\/div>\r\n        \t\t\t<\/div>\n\t\t<\/section>\n\t\t        <section class=\"elementor-section elementor-top-section elementor-element elementor-element-174d785 elementor-section-stretched elementor-section-boxed elementor-section-height-default elementor-section-height-default pxl-row-scroll-none pxl-zoom-point-false pxl-section-overflow-visible pxl-section-fix-none pxl-bg-color-none pxl-section-overlay-none\" data-id=\"174d785\" data-element_type=\"section\" data-settings=\"{&quot;stretch_section&quot;:&quot;section-stretched&quot;}\">\n\n                \n                <div class=\"elementor-container elementor-column-gap-extended \">\n                <div class=\"elementor-column elementor-col-50 elementor-top-column elementor-element elementor-element-6e935be pxl-column-none pxl-column-overflow-hidden-no\" data-id=\"6e935be\" data-element_type=\"column\">\r\n        <div class=\"elementor-widget-wrap elementor-element-populated\">\r\n                     \r\n        \t\t<div class=\"elementor-element elementor-element-f0de1e9 elementor-widget elementor-widget-pxl_heading\" data-id=\"f0de1e9\" data-element_type=\"widget\" data-widget_type=\"pxl_heading.default\">\n\t\t\t\t<div class=\"elementor-widget-container\">\n\t\t\t\t\t\n<div id=\"pxl-pxl_heading-f0de1e9-9264\" class=\"pxl-heading px-sub-title-default-style \">\n\t<div class=\"pxl-heading--inner\">\n\t\t\n\t\t\t<h3 class=\"pxl-item--title style-default highlight-default \" data-wow-delay=\"ms\">\n\t\t\t\t\t\t\tGE GROUP ELEKTR\u0130K\nEND\u00dcSTR\u0130YEL \u00dcR\u00dcNLER\nTAAH.SAN.VE T\u0130C.LTD.\u015eT\u0130.\t\n\t\t\t\t\n\t\t<\/h3>\n\t<\/div>\n<\/div> \t\t\t\t<\/div>\n\t\t\t\t<\/div>\n\t\t\t\t<div class=\"elementor-element elementor-element-0e6d44c elementor-widget elementor-widget-pxl_text_editor\" data-id=\"0e6d44c\" data-element_type=\"widget\" data-widget_type=\"pxl_text_editor.default\">\n\t\t\t\t<div class=\"elementor-widget-container\">\n\t\t\t\t\t<div class=\"pxl-text-editor\">\n\t<div class=\"pxl-item--inner \" data-wow-delay=\"ms\">\n\t\t<p><strong>GE GROUP ELEKTR\u0130K <\/strong><strong>END\u00dcSTR\u0130YEL \u00dcR\u00dcNLER <\/strong><strong>TAAH.SAN.VE T\u0130C.LTD.\u015eT\u0130.<\/strong> products are designed by utilizing all opportunities and standards of manufacturing technology and the whole production is actualized with CAD\/CAM supported machines. Manufactured products are highly resistant against dynamic forces created by high short circuit currents and switches during on &#8211; off with their durable body structure. Due to the fact that designs of the products consist of bolted connection and allow expansion, it is possible for alterations or adding new modular materials upon possible requests during assembly or afterwards.<\/p><p>By means of wide range of accessory support, equipment assembly has been made easy and practical. All possible issues to be faced during assembly of modular materials from various brands have been removed with \u201czero error\u201d.<\/p>\t\t\n\t<\/div>\n<\/div>\t\t\t\t<\/div>\n\t\t\t\t<\/div>\n\t\t            <\/div>\r\n        <\/div>\r\n                <div class=\"elementor-column elementor-col-50 elementor-top-column elementor-element elementor-element-7f9b5c0 pxl-column-none pxl-column-overflow-hidden-no\" data-id=\"7f9b5c0\" data-element_type=\"column\">\r\n        <div class=\"elementor-widget-wrap elementor-element-populated\">\r\n                     \r\n        \t\t<div class=\"elementor-element elementor-element-dcf2844 elementor-widget__width-initial elementor-widget elementor-widget-pxl_image\" data-id=\"dcf2844\" data-element_type=\"widget\" data-widget_type=\"pxl_image.default\">\n\t\t\t\t<div class=\"elementor-widget-container\">\n\t\t\t\t\t<div id=\"pxl_image-dcf2844-1686\" class=\"pxl-image-single pxl-disable-parallax-sm pxl-hide-sr-lg  \" data-wow-delay=\"ms\"  >\r\n    <div class=\"pxl-item--inner\" data-wow-delay=\"120ms\">\r\n        \r\n                                <div class=\"pxl-item--bg bg-image\" style=\"background-image: url(https:\/\/gegroup.com.tr\/wp-content\/uploads\/2025\/09\/ab1.webp);\"><\/div>\r\n                            \r\n            <\/div>\r\n<\/div>\t\t\t\t<\/div>\n\t\t\t\t<\/div>\n\t\t            <\/div>\r\n        <\/div>\r\n        \t\t\t<\/div>\n\t\t<\/section>\n\t\t        <section class=\"elementor-section elementor-top-section elementor-element elementor-element-2400ac9 elementor-section-stretched elementor-section-full_width pxl-section-overflow-hidden elementor-section-height-default elementor-section-height-default pxl-row-scroll-none pxl-zoom-point-false pxl-section-fix-none pxl-full-content-with-space-none pxl-bg-color-none pxl-section-overlay-none\" data-id=\"2400ac9\" data-element_type=\"section\" data-settings=\"{&quot;stretch_section&quot;:&quot;section-stretched&quot;}\">\n\n                \n                <div class=\"elementor-container elementor-column-gap-extended \">\n                <div class=\"elementor-column elementor-col-100 elementor-top-column elementor-element elementor-element-64f2113 pxl-column-none pxl-column-overflow-hidden-no\" data-id=\"64f2113\" data-element_type=\"column\">\r\n        <div class=\"elementor-widget-wrap\">\r\n                     \r\n                    <\/div>\r\n        <\/div>\r\n        \t\t\t<\/div>\n\t\t<\/section>\n\t\t\t\t<\/div>\n\t\t","protected":false},"excerpt":{"rendered":"<p>About Us GE GROUP ELEKTR\u0130K END\u00dcSTR\u0130YEL \u00dcR\u00dcNLER TAAH.SAN.VE T\u0130C.LTD.\u015eT\u0130. GE GROUP ELEKTR\u0130K END\u00dcSTR\u0130YEL \u00dcR\u00dcNLER TAAH.SAN.VE T\u0130C.LTD.\u015eT\u0130. products are designed by utilizing all opportunities and standards of manufacturing technology and the whole production is actualized with CAD\/CAM supported machines. Manufactured products are highly resistant against dynamic forces created by high short circuit currents and switches during [&hellip;]<\/p>\n","protected":false},"author":1,"featured_media":0,"parent":0,"menu_order":0,"comment_status":"closed","ping_status":"closed","template":"","meta":{"footnotes":""},"class_list":["post-17397","page","type-page","status-publish","hentry"],"_links":{"self":[{"href":"https:\/\/gegroup.com.tr\/en\/wp-json\/wp\/v2\/pages\/17397","targetHints":{"allow":["GET"]}}],"collection":[{"href":"https:\/\/gegroup.com.tr\/en\/wp-json\/wp\/v2\/pages"}],"about":[{"href":"https:\/\/gegroup.com.tr\/en\/wp-json\/wp\/v2\/types\/page"}],"author":[{"embeddable":true,"href":"https:\/\/gegroup.com.tr\/en\/wp-json\/wp\/v2\/users\/1"}],"replies":[{"embeddable":true,"href":"https:\/\/gegroup.com.tr\/en\/wp-json\/wp\/v2\/comments?post=17397"}],"version-history":[{"count":7,"href":"https:\/\/gegroup.com.tr\/en\/wp-json\/wp\/v2\/pages\/17397\/revisions"}],"predecessor-version":[{"id":18696,"href":"https:\/\/gegroup.com.tr\/en\/wp-json\/wp\/v2\/pages\/17397\/revisions\/18696"}],"wp:attachment":[{"href":"https:\/\/gegroup.com.tr\/en\/wp-json\/wp\/v2\/media?parent=17397"}],"curies":[{"name":"wp","href":"https:\/\/api.w.org\/{rel}","templated":true}]}}