{"id":17419,"date":"2025-10-02T09:40:46","date_gmt":"2025-10-02T09:40:46","guid":{"rendered":"https:\/\/gegroup.com.tr\/hmh-kesicili-cikis-hucresi\/"},"modified":"2025-10-06T13:48:23","modified_gmt":"2025-10-06T13:48:23","slug":"hmh-kesicili-cikis-hucresi","status":"publish","type":"page","link":"https:\/\/gegroup.com.tr\/en\/hmh-kesicili-cikis-hucresi\/","title":{"rendered":"Kesicili \u00c7\u0131k\u0131\u015f H\u00fccresi"},"content":{"rendered":"\t\t<div data-elementor-type=\"wp-page\" data-elementor-id=\"17419\" class=\"elementor elementor-17419 elementor-17141\">\n\t\t\t\t        <section class=\"elementor-section elementor-top-section elementor-element elementor-element-0e9979c elementor-section-full_width elementor-section-stretched pxl-full-content-with-space-start elementor-section-height-default elementor-section-height-default pxl-row-scroll-none pxl-zoom-point-false pxl-section-overflow-visible pxl-section-fix-none pxl-bg-color-none pxl-section-overlay-none\" data-id=\"0e9979c\" data-element_type=\"section\" data-settings=\"{&quot;stretch_section&quot;:&quot;section-stretched&quot;,&quot;background_background&quot;:&quot;classic&quot;}\" style=\"padding-left: calc( (100% - 1650px)\/2);\">\n\n                \n                <div class=\"elementor-container elementor-column-gap-extended \">\n                <div class=\"elementor-column elementor-col-50 elementor-top-column elementor-element elementor-element-ee39224 pxl-column-none pxl-column-overflow-hidden-no\" data-id=\"ee39224\" data-element_type=\"column\" data-settings=\"{&quot;background_background&quot;:&quot;classic&quot;}\">\r\n        <div class=\"elementor-widget-wrap elementor-element-populated\">\r\n                     \r\n        \t\t<div class=\"elementor-element elementor-element-be6e3eb elementor-widget elementor-widget-pxl_heading\" data-id=\"be6e3eb\" data-element_type=\"widget\" data-widget_type=\"pxl_heading.default\">\n\t\t\t\t<div class=\"elementor-widget-container\">\n\t\t\t\t\t\n<div id=\"pxl-pxl_heading-be6e3eb-2019\" class=\"pxl-heading px-sub-title-default-style \">\n\t<div class=\"pxl-heading--inner\">\n\t\t\n\t\t\t<h3 class=\"pxl-item--title style-default highlight-default \" data-wow-delay=\"ms\">\n\t\t\t\t\t\t\tKesicili \u00c7\u0131k\u0131\u015f H\u00fccresi\t\n\t\t\t\t\n\t\t<\/h3>\n\t<\/div>\n<\/div> \t\t\t\t<\/div>\n\t\t\t\t<\/div>\n\t\t            <\/div>\r\n        <\/div>\r\n                <div class=\"elementor-column elementor-col-50 elementor-top-column elementor-element elementor-element-c5fda42 pxl-column-none pxl-column-overflow-hidden-no\" data-id=\"c5fda42\" data-element_type=\"column\" data-settings=\"{&quot;background_background&quot;:&quot;classic&quot;}\">\r\n        <div class=\"elementor-widget-wrap elementor-element-populated\">\r\n                     \r\n        \t\t<div class=\"elementor-element elementor-element-47184d0 elementor-widget elementor-widget-spacer\" data-id=\"47184d0\" data-element_type=\"widget\" data-widget_type=\"spacer.default\">\n\t\t\t\t\t\t\t<div class=\"elementor-spacer\">\n\t\t\t<div class=\"elementor-spacer-inner\"><\/div>\n\t\t<\/div>\n\t\t\t\t\t\t<\/div>\n\t\t            <\/div>\r\n        <\/div>\r\n        \t\t\t<\/div>\n\t\t<\/section>\n\t\t<div class=\"elementor-element elementor-element-8151974 e-flex e-con-boxed e-con e-parent \" data-id=\"8151974\" data-element_type=\"container\">\t\t\t<div class=\"e-con-inner\">\r\n\t\t<div class=\"elementor-element elementor-element-b4745d4 e-con-full e-flex e-con e-child \" data-id=\"b4745d4\" data-element_type=\"container\">\t\t<div class=\"elementor-element elementor-element-a6c9b9e elementor-widget elementor-widget-image\" data-id=\"a6c9b9e\" data-element_type=\"widget\" data-widget_type=\"image.default\">\n\t\t\t\t\t\t\t\t\t\t\t\t\t\t\t\t<a href=\"\/hmh-kesicili-cikis-hucresi\">\n\t\t\t\t\t\t\t<img fetchpriority=\"high\" decoding=\"async\" width=\"450\" height=\"295\" src=\"https:\/\/gegroup.com.tr\/wp-content\/uploads\/2025\/10\/image-2025-10-02T112953.926-1.webp\" class=\"attachment-full size-full wp-image-18132\" alt=\"\" srcset=\"https:\/\/gegroup.com.tr\/wp-content\/uploads\/2025\/10\/image-2025-10-02T112953.926-1.webp 450w, https:\/\/gegroup.com.tr\/wp-content\/uploads\/2025\/10\/image-2025-10-02T112953.926-1-300x197.webp 300w\" sizes=\"(max-width: 450px) 100vw, 450px\" \/>\t\t\t\t\t\t\t\t<\/a>\n\t\t\t\t\t\t\t\t\t\t\t\t\t\t\t<\/div>\n\t\t\t\t<\/div>\r\n\t\t<div class=\"elementor-element elementor-element-50b3ccc e-con-full e-flex e-con e-child \" data-id=\"50b3ccc\" data-element_type=\"container\">\t\t<div class=\"elementor-element elementor-element-758774b elementor-widget elementor-widget-heading\" data-id=\"758774b\" data-element_type=\"widget\" data-widget_type=\"heading.default\">\n\t\t\t\t\t<h2 class=\"elementor-heading-title elementor-size-default\">TEKN\u0130K B\u0130LG\u0130LER<\/h2>\t\t\t\t<\/div>\n\t\t\t\t<div class=\"elementor-element elementor-element-0396404 elementor-widget elementor-widget-pxl_text_editor\" data-id=\"0396404\" data-element_type=\"widget\" data-widget_type=\"pxl_text_editor.default\">\n\t\t\t\t<div class=\"elementor-widget-container\">\n\t\t\t\t\t<div class=\"pxl-text-editor\">\n\t<div class=\"pxl-item--inner \" data-wow-delay=\"ms\">\n\t\t<hr \/><p>Sekonder koruma ve k\u0131sa devre alt\u0131nda dahi anahtarlama yap\u0131lmas\u0131 gereken, anma ak\u0131m\u0131 1250A\u2019e ve k\u0131sa devre dayan\u0131m\u0131 25kA\u2019e kadar olan da\u011f\u0131t\u0131m baralar\u0131ndan \u00e7\u0131k\u0131\u015f yap\u0131lan h\u00fccrelerdir.<\/p><p>Bu h\u00fccrelerde standart olarak 3 kutuplu Hava so\u011futmal\u0131 b\u0131\u00e7akl\u0131 ay\u0131r\u0131c\u0131 ve 3 kutuplu SF6 gaz izoleli kesici kullan\u0131labilmektedir.<\/p><p><strong>Kesicili \u00e7\u0131k\u0131\u015f h\u00fccreleri esas olarak;<\/strong><\/p><div class=\"icerik-list\"><ul><li>Da\u011f\u0131t\u0131m baralar\u0131ndan her t\u00fcrl\u00fc y\u00fck beslenmesinde,<\/li><li>Da\u011f\u0131t\u0131m baralar\u0131ndan beslenen hat \u00e7\u0131k\u0131\u015flar\u0131nda,<\/li><li>A\u00e7\u0131k \/ Kapal\u0131 Ring \u00e7al\u0131\u015fan \u015febekelerin hat \u00e7\u0131k\u0131\u015flar\u0131nda kullan\u0131lmakta olup, standart tip \u00e7\u0131k\u0131\u015f h\u00fccreleri uygulamalar\u0131nda giri\u015f i\u00e7in de kullan\u0131lmaktad\u0131r.<\/li><\/ul><\/div>\t\t\n\t<\/div>\n<\/div>\t\t\t\t<\/div>\n\t\t\t\t<\/div>\n\t\t\t\t<\/div>\r\n\t\t\t\t\t<\/div>\r\n\t\t\t\t<\/div>\r\n\t\t<div class=\"elementor-element elementor-element-b0ce8cd e-flex e-con-boxed e-con e-parent \" data-id=\"b0ce8cd\" data-element_type=\"container\">\t\t\t<div class=\"e-con-inner\">\r\n\t\t\t\t<div class=\"elementor-element elementor-element-4d9b58f elementor-widget elementor-widget-heading\" data-id=\"4d9b58f\" data-element_type=\"widget\" data-widget_type=\"heading.default\">\n\t\t\t\t\t<h2 class=\"elementor-heading-title elementor-size-default\">Teknik Detaylar<\/h2>\t\t\t\t<\/div>\n\t\t\t\t<div class=\"elementor-element elementor-element-24b7243 elementor-widget elementor-widget-image\" data-id=\"24b7243\" data-element_type=\"widget\" data-widget_type=\"image.default\">\n\t\t\t\t\t\t\t\t\t\t\t\t\t\t\t\t<a href=\"https:\/\/gegroup.com.tr\/wp-content\/uploads\/2025\/10\/kesicili-cikis-hucresi-donanim-gpp-kch-02.jpg\" data-elementor-open-lightbox=\"yes\" data-elementor-lightbox-title=\"kesicili-cikis-hucresi-donanim-gpp-kch-02\" data-e-action-hash=\"#elementor-action%3Aaction%3Dlightbox%26settings%3DeyJpZCI6MTc0MjAsInVybCI6Imh0dHBzOlwvXC9nZWdyb3VwLmNvbS50clwvd3AtY29udGVudFwvdXBsb2Fkc1wvMjAyNVwvMTBcL2tlc2ljaWxpLWNpa2lzLWh1Y3Jlc2ktZG9uYW5pbS1ncHAta2NoLTAyLmpwZyJ9\">\n\t\t\t\t\t\t\t<img decoding=\"async\" width=\"600\" height=\"950\" src=\"https:\/\/gegroup.com.tr\/wp-content\/uploads\/2025\/10\/kesicili-cikis-hucresi-donanim-gpp-kch-02.jpg\" class=\"attachment-full size-full wp-image-17420\" alt=\"\" srcset=\"https:\/\/gegroup.com.tr\/wp-content\/uploads\/2025\/10\/kesicili-cikis-hucresi-donanim-gpp-kch-02.jpg 600w, https:\/\/gegroup.com.tr\/wp-content\/uploads\/2025\/10\/kesicili-cikis-hucresi-donanim-gpp-kch-02-189x300.jpg 189w, https:\/\/gegroup.com.tr\/wp-content\/uploads\/2025\/10\/kesicili-cikis-hucresi-donanim-gpp-kch-02-448x710.jpg 448w\" sizes=\"(max-width: 600px) 100vw, 600px\" \/>\t\t\t\t\t\t\t\t<\/a>\n\t\t\t\t\t\t\t\t\t\t\t\t\t\t\t<\/div>\n\t\t\t\t\t<\/div>\r\n\t\t\t\t<\/div>\r\n\t\t\t\t<\/div>\n\t\t","protected":false},"excerpt":{"rendered":"<p>Kesicili \u00c7\u0131k\u0131\u015f H\u00fccresi TEKN\u0130K B\u0130LG\u0130LER Sekonder koruma ve k\u0131sa devre alt\u0131nda dahi anahtarlama yap\u0131lmas\u0131 gereken, anma ak\u0131m\u0131 1250A\u2019e ve k\u0131sa devre dayan\u0131m\u0131 25kA\u2019e kadar olan da\u011f\u0131t\u0131m baralar\u0131ndan \u00e7\u0131k\u0131\u015f yap\u0131lan h\u00fccrelerdir. Bu h\u00fccrelerde standart olarak 3 kutuplu Hava so\u011futmal\u0131 b\u0131\u00e7akl\u0131 ay\u0131r\u0131c\u0131 ve 3 kutuplu SF6 gaz izoleli kesici kullan\u0131labilmektedir. Kesicili \u00e7\u0131k\u0131\u015f h\u00fccreleri esas olarak; Da\u011f\u0131t\u0131m baralar\u0131ndan [&hellip;]<\/p>\n","protected":false},"author":1,"featured_media":0,"parent":0,"menu_order":0,"comment_status":"closed","ping_status":"closed","template":"","meta":{"footnotes":""},"class_list":["post-17419","page","type-page","status-publish","hentry"],"_links":{"self":[{"href":"https:\/\/gegroup.com.tr\/en\/wp-json\/wp\/v2\/pages\/17419","targetHints":{"allow":["GET"]}}],"collection":[{"href":"https:\/\/gegroup.com.tr\/en\/wp-json\/wp\/v2\/pages"}],"about":[{"href":"https:\/\/gegroup.com.tr\/en\/wp-json\/wp\/v2\/types\/page"}],"author":[{"embeddable":true,"href":"https:\/\/gegroup.com.tr\/en\/wp-json\/wp\/v2\/users\/1"}],"replies":[{"embeddable":true,"href":"https:\/\/gegroup.com.tr\/en\/wp-json\/wp\/v2\/comments?post=17419"}],"version-history":[{"count":9,"href":"https:\/\/gegroup.com.tr\/en\/wp-json\/wp\/v2\/pages\/17419\/revisions"}],"predecessor-version":[{"id":18630,"href":"https:\/\/gegroup.com.tr\/en\/wp-json\/wp\/v2\/pages\/17419\/revisions\/18630"}],"wp:attachment":[{"href":"https:\/\/gegroup.com.tr\/en\/wp-json\/wp\/v2\/media?parent=17419"}],"curies":[{"name":"wp","href":"https:\/\/api.w.org\/{rel}","templated":true}]}}