{"id":17451,"date":"2025-09-29T12:06:21","date_gmt":"2025-09-29T12:06:21","guid":{"rendered":"https:\/\/gegroup.com.tr\/tarihce\/"},"modified":"2025-10-06T14:25:35","modified_gmt":"2025-10-06T14:25:35","slug":"history","status":"publish","type":"page","link":"https:\/\/gegroup.com.tr\/en\/history\/","title":{"rendered":"History"},"content":{"rendered":"\t\t<div data-elementor-type=\"wp-page\" data-elementor-id=\"17451\" class=\"elementor elementor-17451 elementor-16711\">\n\t\t\t\t        <section class=\"elementor-section elementor-top-section elementor-element elementor-element-0e9979c elementor-section-full_width elementor-section-stretched pxl-full-content-with-space-start elementor-section-height-default elementor-section-height-default pxl-row-scroll-none pxl-zoom-point-false pxl-section-overflow-visible pxl-section-fix-none pxl-bg-color-none pxl-section-overlay-none\" data-id=\"0e9979c\" data-element_type=\"section\" data-settings=\"{&quot;stretch_section&quot;:&quot;section-stretched&quot;,&quot;background_background&quot;:&quot;classic&quot;}\" style=\"padding-left: calc( (100% - 1650px)\/2);\">\n\n                \n                <div class=\"elementor-container elementor-column-gap-extended \">\n                <div class=\"elementor-column elementor-col-50 elementor-top-column elementor-element elementor-element-ee39224 pxl-column-none pxl-column-overflow-hidden-no\" data-id=\"ee39224\" data-element_type=\"column\" data-settings=\"{&quot;background_background&quot;:&quot;classic&quot;}\">\r\n        <div class=\"elementor-widget-wrap elementor-element-populated\">\r\n                     \r\n        \t\t<div class=\"elementor-element elementor-element-be6e3eb elementor-widget elementor-widget-pxl_heading\" data-id=\"be6e3eb\" data-element_type=\"widget\" data-widget_type=\"pxl_heading.default\">\n\t\t\t\t<div class=\"elementor-widget-container\">\n\t\t\t\t\t\n<div id=\"pxl-pxl_heading-be6e3eb-8743\" class=\"pxl-heading px-sub-title-default-style \">\n\t<div class=\"pxl-heading--inner\">\n\t\t\n\t\t\t<h3 class=\"pxl-item--title style-default highlight-default \" data-wow-delay=\"ms\">\n\t\t\t\t\t\t\tHistory\t\n\t\t\t\t\n\t\t<\/h3>\n\t<\/div>\n<\/div> \t\t\t\t<\/div>\n\t\t\t\t<\/div>\n\t\t            <\/div>\r\n        <\/div>\r\n                <div class=\"elementor-column elementor-col-50 elementor-top-column elementor-element elementor-element-c5fda42 pxl-column-none pxl-column-overflow-hidden-no\" data-id=\"c5fda42\" data-element_type=\"column\" data-settings=\"{&quot;background_background&quot;:&quot;classic&quot;}\">\r\n        <div class=\"elementor-widget-wrap elementor-element-populated\">\r\n                     \r\n        \t\t<div class=\"elementor-element elementor-element-47184d0 elementor-widget elementor-widget-spacer\" data-id=\"47184d0\" data-element_type=\"widget\" data-widget_type=\"spacer.default\">\n\t\t\t\t\t\t\t<div class=\"elementor-spacer\">\n\t\t\t<div class=\"elementor-spacer-inner\"><\/div>\n\t\t<\/div>\n\t\t\t\t\t\t<\/div>\n\t\t            <\/div>\r\n        <\/div>\r\n        \t\t\t<\/div>\n\t\t<\/section>\n\t\t        <section class=\"elementor-section elementor-top-section elementor-element elementor-element-174d785 elementor-section-stretched elementor-section-boxed elementor-section-height-default elementor-section-height-default pxl-row-scroll-none pxl-zoom-point-false pxl-section-overflow-visible pxl-section-fix-none pxl-bg-color-none pxl-section-overlay-none\" data-id=\"174d785\" data-element_type=\"section\" data-settings=\"{&quot;stretch_section&quot;:&quot;section-stretched&quot;}\">\n\n                \n                <div class=\"elementor-container elementor-column-gap-extended \">\n                <div class=\"elementor-column elementor-col-50 elementor-top-column elementor-element elementor-element-6e935be pxl-column-none pxl-column-overflow-hidden-no\" data-id=\"6e935be\" data-element_type=\"column\">\r\n        <div class=\"elementor-widget-wrap elementor-element-populated\">\r\n                     \r\n        \t\t<div class=\"elementor-element elementor-element-f0de1e9 elementor-hidden-desktop elementor-hidden-laptop elementor-hidden-tablet_extra elementor-hidden-tablet elementor-hidden-mobile_extra elementor-hidden-mobile elementor-widget elementor-widget-pxl_heading\" data-id=\"f0de1e9\" data-element_type=\"widget\" data-widget_type=\"pxl_heading.default\">\n\t\t\t\t<div class=\"elementor-widget-container\">\n\t\t\t\t\t\n<div id=\"pxl-pxl_heading-f0de1e9-1695\" class=\"pxl-heading px-sub-title-default-style \">\n\t<div class=\"pxl-heading--inner\">\n\t\t\n\t\t\t<h3 class=\"pxl-item--title style-default highlight-default \" data-wow-delay=\"ms\">\n\t\t\t\t\t\t\tGE GROUP Panel Elektik A.\u015e. Hakk\u0131nda\t\n\t\t\t\t\n\t\t<\/h3>\n\t<\/div>\n<\/div> \t\t\t\t<\/div>\n\t\t\t\t<\/div>\n\t\t\t\t<div class=\"elementor-element elementor-element-0e6d44c elementor-widget elementor-widget-pxl_text_editor\" data-id=\"0e6d44c\" data-element_type=\"widget\" data-widget_type=\"pxl_text_editor.default\">\n\t\t\t\t<div class=\"elementor-widget-container\">\n\t\t\t\t\t<div class=\"pxl-text-editor\">\n\t<div class=\"pxl-item--inner \" data-wow-delay=\"ms\">\n\t\t<p><strong>GE GROUP ELEKTR\u0130K\u00a0<\/strong><strong>END\u00dcSTR\u0130YEL \u00dcR\u00dcNLER\u00a0<\/strong><strong>TAAH.SAN.VE T\u0130C.LTD.\u015eT\u0130.<\/strong> have kept pace with the development of the industry and technology by combining its knowledge and experiences in contracting and switchboard industry with its professional staff. By accomplishing development in management and production, <span class=\"kurumsalrenk\"><strong>GE GROUP<\/strong><\/span>\u00a0have adopted providing best and optimal solution to its customers as a principle within the scope of honesty and continuity.<\/p><p>It has became prominent among other companies in the industry with the experience of its technical staff and the understanding to render swift and quality service within a short time. It has reached to a privileged position with its trust and full quality oriented philosophy as the \u201c<strong>Reliable Partner of Prime Contractors<\/strong>\u201d.<\/p><p>It has undertaken turnkey projects of many prime contractor companies with its expert technical staff and actualized all of the undertaken projects with experience, quality and \u201c<strong>zero error<\/strong>\u201d principle. In addition, it has achieved to become the reliable, privileged partner of prime contractors with its reliable experience in mains, transformer stations, power plants of industrial factories.<\/p><p><span class=\"kurumsalrenk\"><strong>GE GROUP<\/strong><\/span>, the reliable partner of many local and regional prime contractors in domestic and abroad markets for distribution and transmission of electricity, is providing ideal and competitive products. As the reliable partner of contractor companies, it justifies the pride of rendering services to a vast area including the markets of notably Turkey and Turkmenistan, Kazakhstan, Uzbekistan, Azerbaijan, Russia, Bulgaria, Bosnia-Herzegovina-Iraq and Algeria.<\/p><p><span class=\"kurumsalrenk\"><strong>GE GROUP<\/strong><\/span>, by being able to utilize all opportunities of today\u2019s technology, renders reliable project drawing for scope and subject of electrical installation works in various type of buildings, inspection, consultancy and contracting services in addition to manufacture of switchboard and panel board. <span class=\"kurumsalrenk\"><strong>GE GROUP<\/strong><\/span>\u00a0has the capacity to actualize all manufactures within the works it has undertaken and completed.<\/p>\t\t\n\t<\/div>\n<\/div>\t\t\t\t<\/div>\n\t\t\t\t<\/div>\n\t\t            <\/div>\r\n        <\/div>\r\n                <div class=\"elementor-column elementor-col-50 elementor-top-column elementor-element elementor-element-7f9b5c0 pxl-column-none pxl-column-overflow-hidden-no\" data-id=\"7f9b5c0\" data-element_type=\"column\">\r\n        <div class=\"elementor-widget-wrap elementor-element-populated\">\r\n                     \r\n        \t\t<div class=\"elementor-element elementor-element-dcf2844 elementor-widget__width-initial elementor-widget elementor-widget-pxl_image\" data-id=\"dcf2844\" data-element_type=\"widget\" data-widget_type=\"pxl_image.default\">\n\t\t\t\t<div class=\"elementor-widget-container\">\n\t\t\t\t\t<div id=\"pxl_image-dcf2844-8745\" class=\"pxl-image-single pxl-disable-parallax-sm pxl-hide-sr-lg  \" data-wow-delay=\"ms\"  >\r\n    <div class=\"pxl-item--inner\" data-wow-delay=\"120ms\">\r\n        \r\n                                <div class=\"pxl-item--bg bg-image\" style=\"background-image: url(https:\/\/gegroup.com.tr\/wp-content\/uploads\/2025\/09\/ab1-1.webp);\"><\/div>\r\n                            \r\n            <\/div>\r\n<\/div>\t\t\t\t<\/div>\n\t\t\t\t<\/div>\n\t\t            <\/div>\r\n        <\/div>\r\n        \t\t\t<\/div>\n\t\t<\/section>\n\t\t        <section class=\"elementor-section elementor-top-section elementor-element elementor-element-2400ac9 elementor-section-stretched elementor-section-full_width pxl-section-overflow-hidden elementor-section-height-default elementor-section-height-default pxl-row-scroll-none pxl-zoom-point-false pxl-section-fix-none pxl-full-content-with-space-none pxl-bg-color-none pxl-section-overlay-none\" data-id=\"2400ac9\" data-element_type=\"section\" data-settings=\"{&quot;stretch_section&quot;:&quot;section-stretched&quot;}\">\n\n                \n                <div class=\"elementor-container elementor-column-gap-extended \">\n                <div class=\"elementor-column elementor-col-100 elementor-top-column elementor-element elementor-element-64f2113 pxl-column-none pxl-column-overflow-hidden-no\" data-id=\"64f2113\" data-element_type=\"column\">\r\n        <div class=\"elementor-widget-wrap\">\r\n                     \r\n                    <\/div>\r\n        <\/div>\r\n        \t\t\t<\/div>\n\t\t<\/section>\n\t\t\t\t<\/div>\n\t\t","protected":false},"excerpt":{"rendered":"<p>History GE GROUP Panel Elektik A.\u015e. Hakk\u0131nda GE GROUP ELEKTR\u0130K\u00a0END\u00dcSTR\u0130YEL \u00dcR\u00dcNLER\u00a0TAAH.SAN.VE T\u0130C.LTD.\u015eT\u0130. have kept pace with the development of the industry and technology by combining its knowledge and experiences in contracting and switchboard industry with its professional staff. By accomplishing development in management and production, GE GROUP\u00a0have adopted providing best and optimal solution to its [&hellip;]<\/p>\n","protected":false},"author":1,"featured_media":0,"parent":0,"menu_order":0,"comment_status":"closed","ping_status":"closed","template":"","meta":{"footnotes":""},"class_list":["post-17451","page","type-page","status-publish","hentry"],"_links":{"self":[{"href":"https:\/\/gegroup.com.tr\/en\/wp-json\/wp\/v2\/pages\/17451","targetHints":{"allow":["GET"]}}],"collection":[{"href":"https:\/\/gegroup.com.tr\/en\/wp-json\/wp\/v2\/pages"}],"about":[{"href":"https:\/\/gegroup.com.tr\/en\/wp-json\/wp\/v2\/types\/page"}],"author":[{"embeddable":true,"href":"https:\/\/gegroup.com.tr\/en\/wp-json\/wp\/v2\/users\/1"}],"replies":[{"embeddable":true,"href":"https:\/\/gegroup.com.tr\/en\/wp-json\/wp\/v2\/comments?post=17451"}],"version-history":[{"count":7,"href":"https:\/\/gegroup.com.tr\/en\/wp-json\/wp\/v2\/pages\/17451\/revisions"}],"predecessor-version":[{"id":18699,"href":"https:\/\/gegroup.com.tr\/en\/wp-json\/wp\/v2\/pages\/17451\/revisions\/18699"}],"wp:attachment":[{"href":"https:\/\/gegroup.com.tr\/en\/wp-json\/wp\/v2\/media?parent=17451"}],"curies":[{"name":"wp","href":"https:\/\/api.w.org\/{rel}","templated":true}]}}